{"id":144,"date":"2019-12-26T16:59:15","date_gmt":"2019-12-26T16:59:15","guid":{"rendered":"https:\/\/demos.kadencewp.com\/blocks-store\/?page_id=144"},"modified":"2024-10-02T21:53:12","modified_gmt":"2024-10-02T21:53:12","slug":"contact","status":"publish","type":"page","link":"https:\/\/premiumcontainers.pl\/?page_id=144","title":{"rendered":"Kontakt"},"content":{"rendered":"<style>.kb-row-layout-id144_f243b7-c3 > .kt-row-column-wrap{align-content:start;}:where(.kb-row-layout-id144_f243b7-c3 > .kt-row-column-wrap) > .wp-block-kadence-column{justify-content:start;}.kb-row-layout-id144_f243b7-c3 > .kt-row-column-wrap{column-gap:var(--global-kb-gap-md, 2rem);row-gap:var(--global-kb-gap-md, 2rem);max-width:1200px;margin-left:auto;margin-right:auto;padding-top:100px;padding-right:25px;padding-bottom:100px;padding-left:25px;grid-template-columns:minmax(0, 1fr);}.kb-row-layout-id144_f243b7-c3{background-image:url('https:\/\/premiumcontainers.pl\/wp-content\/uploads\/2024\/09\/szary.webp');background-size:cover;background-position:55.00000000000001% 12%;background-attachment:scroll;background-repeat:no-repeat;}.kb-row-layout-id144_f243b7-c3 > .kt-row-layout-overlay{opacity:0.35;background-color:#000000;}.kb-row-layout-id144_f243b7-c3 ,.kb-row-layout-id144_f243b7-c3 h1,.kb-row-layout-id144_f243b7-c3 h2,.kb-row-layout-id144_f243b7-c3 h3,.kb-row-layout-id144_f243b7-c3 h4,.kb-row-layout-id144_f243b7-c3 h5,.kb-row-layout-id144_f243b7-c3 h6{color:#ffffff;}@media all and (max-width: 1024px){.kb-row-layout-id144_f243b7-c3 > .kt-row-column-wrap{grid-template-columns:minmax(0, 1fr);}}@media all and (max-width: 767px){.kb-row-layout-id144_f243b7-c3 > .kt-row-column-wrap{grid-template-columns:minmax(0, 1fr);}}<\/style><div class=\"kb-row-layout-wrap kb-row-layout-id144_f243b7-c3 alignfull kt-row-has-bg wp-block-kadence-rowlayout\"><div class=\"kt-row-layout-overlay kt-row-overlay-normal\"><\/div><div class=\"kt-row-column-wrap kt-has-1-columns kt-row-layout-equal kt-tab-layout-inherit kt-mobile-layout-row kt-row-valign-top\">\n<style>.kadence-column144_101206-9c > .kt-inside-inner-col,.kadence-column144_101206-9c > .kt-inside-inner-col:before{border-top-left-radius:0px;border-top-right-radius:0px;border-bottom-right-radius:0px;border-bottom-left-radius:0px;}.kadence-column144_101206-9c > .kt-inside-inner-col{column-gap:var(--global-kb-gap-sm, 1rem);}.kadence-column144_101206-9c > .kt-inside-inner-col{flex-direction:column;}.kadence-column144_101206-9c > .kt-inside-inner-col > .aligncenter{width:100%;}.kadence-column144_101206-9c > .kt-inside-inner-col:before{opacity:0.3;}.kadence-column144_101206-9c{position:relative;}@media all and (max-width: 1024px){.kadence-column144_101206-9c > .kt-inside-inner-col{flex-direction:column;justify-content:center;}}@media all and (max-width: 767px){.kadence-column144_101206-9c > .kt-inside-inner-col{flex-direction:column;justify-content:center;}}<\/style>\n<div class=\"wp-block-kadence-column kadence-column144_101206-9c inner-column-1\"><div class=\"kt-inside-inner-col\"><style>.wp-block-kadence-advancedheading.kt-adv-heading144_9e5a9f-ef, .wp-block-kadence-advancedheading.kt-adv-heading144_9e5a9f-ef[data-kb-block=\"kb-adv-heading144_9e5a9f-ef\"]{margin-bottom:40px;text-align:center;font-size:50px;font-weight:normal;font-style:normal;text-transform:none;}.wp-block-kadence-advancedheading.kt-adv-heading144_9e5a9f-ef mark.kt-highlight, .wp-block-kadence-advancedheading.kt-adv-heading144_9e5a9f-ef[data-kb-block=\"kb-adv-heading144_9e5a9f-ef\"] mark.kt-highlight{font-weight:normal;font-style:normal;color:#f76a0c;-webkit-box-decoration-break:clone;box-decoration-break:clone;padding-top:0px;padding-right:0px;padding-bottom:0px;padding-left:0px;}.wp-block-kadence-advancedheading.kt-adv-heading144_9e5a9f-ef img.kb-inline-image, .wp-block-kadence-advancedheading.kt-adv-heading144_9e5a9f-ef[data-kb-block=\"kb-adv-heading144_9e5a9f-ef\"] img.kb-inline-image{width:150px;vertical-align:baseline;}<\/style>\n<h1 class=\"kt-adv-heading144_9e5a9f-ef wp-block-kadence-advancedheading\" data-kb-block=\"kb-adv-heading144_9e5a9f-ef\">Kontakt<\/h1>\n<\/div><\/div>\n\n<\/div><\/div>\n\n\n<div style=\"height:100px\" aria-hidden=\"true\" class=\"wp-block-spacer\"><\/div>\n\n\n\n<p class=\"has-text-align-center has-larger-font-size\">PREMIUM CONTAINERS <br>Piotr \u017bmij<br>NIP: 536-189-77-41<br>ul. Wolska 51<br>05-119 Stanis\u0142aw\u00f3w Drugi<br>email: biuro@premiumcontainers.pl<br>+48 570-916-125<\/p>\n\n\n<style>.kb-row-layout-id144_320a66-4d > .kt-row-column-wrap{align-content:start;}:where(.kb-row-layout-id144_320a66-4d > .kt-row-column-wrap) > .wp-block-kadence-column{justify-content:start;}.kb-row-layout-id144_320a66-4d > .kt-row-column-wrap{column-gap:var(--global-kb-gap-md, 2rem);row-gap:var(--global-kb-gap-md, 2rem);max-width:1000px;margin-left:auto;margin-right:auto;padding-top:80px;padding-right:25px;padding-bottom:80px;padding-left:25px;grid-template-columns:repeat(2, minmax(0, 1fr));}.kb-row-layout-id144_320a66-4d > .kt-row-layout-overlay{opacity:0.30;}@media all and (max-width: 1024px){.kb-row-layout-id144_320a66-4d > .kt-row-column-wrap{grid-template-columns:repeat(2, minmax(0, 1fr));}}@media all and (max-width: 767px){.kb-row-layout-id144_320a66-4d > .kt-row-column-wrap{grid-template-columns:minmax(0, 1fr);}}<\/style><div class=\"kb-row-layout-wrap kb-row-layout-id144_320a66-4d alignnone wp-block-kadence-rowlayout\"><div class=\"kt-row-column-wrap kt-has-2-columns kt-row-layout-equal kt-tab-layout-inherit kt-mobile-layout-row kt-row-valign-top\">\n<style>.kadence-column144_f4e8f6-71 > .kt-inside-inner-col,.kadence-column144_f4e8f6-71 > .kt-inside-inner-col:before{border-top-left-radius:0px;border-top-right-radius:0px;border-bottom-right-radius:0px;border-bottom-left-radius:0px;}.kadence-column144_f4e8f6-71 > .kt-inside-inner-col{column-gap:var(--global-kb-gap-sm, 1rem);}.kadence-column144_f4e8f6-71 > .kt-inside-inner-col{flex-direction:column;}.kadence-column144_f4e8f6-71 > .kt-inside-inner-col > .aligncenter{width:100%;}.kadence-column144_f4e8f6-71 > .kt-inside-inner-col:before{opacity:0.3;}.kadence-column144_f4e8f6-71{position:relative;}@media all and (max-width: 1024px){.kadence-column144_f4e8f6-71 > .kt-inside-inner-col{flex-direction:column;justify-content:center;}}@media all and (max-width: 767px){.kadence-column144_f4e8f6-71 > .kt-inside-inner-col{flex-direction:column;justify-content:center;}}<\/style>\n<div class=\"wp-block-kadence-column kadence-column144_f4e8f6-71 inner-column-1\"><div class=\"kt-inside-inner-col\"><style>.wp-block-kadence-column.kb-section-dir-horizontal > .kt-inside-inner-col > .kt-info-box144_8ad2a7-06 .kt-blocks-info-box-link-wrap{max-width:unset;}.kt-info-box144_8ad2a7-06 .kt-blocks-info-box-link-wrap{border-top-left-radius:10px;border-top-right-radius:10px;border-bottom-right-radius:10px;border-bottom-left-radius:10px;background:var(--global-palette1, #3182CE);padding-top:30px;padding-right:30px;padding-bottom:30px;padding-left:30px;}.kt-info-box144_8ad2a7-06 .kt-blocks-info-box-link-wrap:hover{background:var(--global-palette2, #2B6CB0);}.kt-info-box144_8ad2a7-06 .kadence-info-box-icon-container .kt-info-svg-icon, .kt-info-box144_8ad2a7-06 .kt-info-svg-icon-flip, .kt-info-box144_8ad2a7-06 .kt-blocks-info-box-number{font-size:50px;}.kt-info-box144_8ad2a7-06 .kt-blocks-info-box-media{color:#ffffff;border-top-width:0px;border-right-width:0px;border-bottom-width:0px;border-left-width:0px;padding-top:0px;padding-right:0px;padding-bottom:0px;padding-left:0px;}.kt-info-box144_8ad2a7-06 .kt-blocks-info-box-media-container{margin-top:0px;margin-right:0px;margin-bottom:0px;margin-left:0px;}.kt-info-box144_8ad2a7-06 .kt-blocks-info-box-link-wrap:hover .kt-blocks-info-box-media{color:#ffffff;}.kt-info-box144_8ad2a7-06 .kt-infobox-textcontent h2.kt-blocks-info-box-title{color:#ffffff;font-style:normal;font-weight:normal;padding-top:0px;padding-right:0px;padding-bottom:0px;padding-left:0px;margin-top:5px;margin-right:0px;margin-bottom:10px;margin-left:0px;}.kt-info-box144_8ad2a7-06 .kt-blocks-info-box-link-wrap:hover h2.kt-blocks-info-box-title{color:#ffffff;}.kt-info-box144_8ad2a7-06 .kt-infobox-textcontent .kt-blocks-info-box-text{color:#ffffff;}.kt-info-box144_8ad2a7-06 .kt-blocks-info-box-link-wrap:hover .kt-blocks-info-box-text{color:#ffffff;}.kt-info-box144_8ad2a7-06 .kt-blocks-info-box-learnmore{background:transparent;border-color:#555555;border-width:0px 0px 0px 0px;padding-top:4px;padding-right:8px;padding-bottom:4px;padding-left:8px;margin-top:10px;margin-right:0px;margin-bottom:10px;margin-left:0px;}.kt-info-box144_8ad2a7-06 .kt-blocks-info-box-link-wrap:hover .kt-blocks-info-box-learnmore,.kt-info-box144_8ad2a7-06 .kt-blocks-info-box-link-wrap .kt-blocks-info-box-learnmore:focus{color:#ffffff;background:#444444;border-color:#444444;}<\/style>\n<div class=\"wp-block-kadence-infobox kt-info-box144_8ad2a7-06\"><a class=\"kt-blocks-info-box-link-wrap info-box-link kt-blocks-info-box-media-align-top kt-info-halign-center\" href=\"mailto:\/\/biuro@premiumcontainers.pl\"><div class=\"kt-blocks-info-box-media-container\"><div class=\"kt-blocks-info-box-media kt-info-media-animate-none\"><div class=\"kadence-info-box-icon-container kt-info-icon-animate-none\"><div class=\"kadence-info-box-icon-inner-container\"><span class=\"kb-svg-icon-wrap kb-svg-icon-fe_mail kt-info-svg-icon\"><svg viewBox=\"0 0 24 24\"  fill=\"none\" stroke=\"currentColor\" stroke-width=\"2\" stroke-linecap=\"round\" stroke-linejoin=\"round\" xmlns=\"http:\/\/www.w3.org\/2000\/svg\"  aria-hidden=\"true\"><path d=\"M4 4h16c1.1 0 2 .9 2 2v12c0 1.1-.9 2-2 2H4c-1.1 0-2-.9-2-2V6c0-1.1.9-2 2-2z\"\/><polyline points=\"22,6 12,13 2,6\"\/><\/svg><\/span><\/div><\/div><\/div><\/div><div class=\"kt-infobox-textcontent\"><h2 class=\"kt-blocks-info-box-title\">Email<\/h2><p class=\"kt-blocks-info-box-text\">Masz pytania? Wy\u015blij nam emaila odpowiemy tak szybko jak mo\u017cliwe.<\/p><\/div><\/a><\/div>\n<\/div><\/div>\n\n\n<style>.kadence-column144_de26b1-4d > .kt-inside-inner-col,.kadence-column144_de26b1-4d > .kt-inside-inner-col:before{border-top-left-radius:0px;border-top-right-radius:0px;border-bottom-right-radius:0px;border-bottom-left-radius:0px;}.kadence-column144_de26b1-4d > .kt-inside-inner-col{column-gap:var(--global-kb-gap-sm, 1rem);}.kadence-column144_de26b1-4d > .kt-inside-inner-col{flex-direction:column;}.kadence-column144_de26b1-4d > .kt-inside-inner-col > .aligncenter{width:100%;}.kadence-column144_de26b1-4d > .kt-inside-inner-col:before{opacity:0.3;}.kadence-column144_de26b1-4d{position:relative;}@media all and (max-width: 1024px){.kadence-column144_de26b1-4d > .kt-inside-inner-col{flex-direction:column;justify-content:center;}}@media all and (max-width: 767px){.kadence-column144_de26b1-4d > .kt-inside-inner-col{flex-direction:column;justify-content:center;}}<\/style>\n<div class=\"wp-block-kadence-column kadence-column144_de26b1-4d inner-column-2\"><div class=\"kt-inside-inner-col\"><style>.wp-block-kadence-column.kb-section-dir-horizontal > .kt-inside-inner-col > .kt-info-box144_de934c-30 .kt-blocks-info-box-link-wrap{max-width:unset;}.kt-info-box144_de934c-30 .kt-blocks-info-box-link-wrap{border-top-left-radius:10px;border-top-right-radius:10px;border-bottom-right-radius:10px;border-bottom-left-radius:10px;background:var(--global-palette1, #3182CE);padding-top:30px;padding-right:30px;padding-bottom:30px;padding-left:30px;}.kt-info-box144_de934c-30 .kt-blocks-info-box-link-wrap:hover{background:var(--global-palette2, #2B6CB0);}.kt-info-box144_de934c-30 .kadence-info-box-icon-container .kt-info-svg-icon, .kt-info-box144_de934c-30 .kt-info-svg-icon-flip, .kt-info-box144_de934c-30 .kt-blocks-info-box-number{font-size:50px;}.kt-info-box144_de934c-30 .kt-blocks-info-box-media{color:#ffffff;border-top-width:0px;border-right-width:0px;border-bottom-width:0px;border-left-width:0px;padding-top:0px;padding-right:0px;padding-bottom:0px;padding-left:0px;}.kt-info-box144_de934c-30 .kt-blocks-info-box-media-container{margin-top:0px;margin-right:0px;margin-bottom:0px;margin-left:0px;}.kt-info-box144_de934c-30 .kt-blocks-info-box-link-wrap:hover .kt-blocks-info-box-media{color:#ffffff;}.kt-info-box144_de934c-30 .kt-infobox-textcontent h2.kt-blocks-info-box-title{color:#ffffff;font-style:normal;font-weight:normal;padding-top:0px;padding-right:0px;padding-bottom:0px;padding-left:0px;margin-top:5px;margin-right:0px;margin-bottom:10px;margin-left:0px;}.kt-info-box144_de934c-30 .kt-blocks-info-box-link-wrap:hover h2.kt-blocks-info-box-title{color:#ffffff;}.kt-info-box144_de934c-30 .kt-infobox-textcontent .kt-blocks-info-box-text{color:#ffffff;}.kt-info-box144_de934c-30 .kt-blocks-info-box-link-wrap:hover .kt-blocks-info-box-text{color:#ffffff;}.kt-info-box144_de934c-30 .kt-blocks-info-box-learnmore{background:transparent;border-color:#555555;border-width:0px 0px 0px 0px;padding-top:4px;padding-right:8px;padding-bottom:4px;padding-left:8px;margin-top:10px;margin-right:0px;margin-bottom:10px;margin-left:0px;}.kt-info-box144_de934c-30 .kt-blocks-info-box-link-wrap:hover .kt-blocks-info-box-learnmore,.kt-info-box144_de934c-30 .kt-blocks-info-box-link-wrap .kt-blocks-info-box-learnmore:focus{color:#ffffff;background:#444444;border-color:#444444;}<\/style>\n<div class=\"wp-block-kadence-infobox kt-info-box144_de934c-30\"><a class=\"kt-blocks-info-box-link-wrap info-box-link kt-blocks-info-box-media-align-top kt-info-halign-center\" href=\"tel:\/\/570916125\"><div class=\"kt-blocks-info-box-media-container\"><div class=\"kt-blocks-info-box-media kt-info-media-animate-none\"><div class=\"kadence-info-box-icon-container kt-info-icon-animate-none\"><div class=\"kadence-info-box-icon-inner-container\"><span class=\"kb-svg-icon-wrap kb-svg-icon-fe_phoneCall kt-info-svg-icon\"><svg viewBox=\"0 0 24 24\"  fill=\"none\" stroke=\"currentColor\" stroke-width=\"2\" stroke-linecap=\"round\" stroke-linejoin=\"round\" xmlns=\"http:\/\/www.w3.org\/2000\/svg\"  aria-hidden=\"true\"><path d=\"M15.05 5A5 5 0 0 1 19 8.95M15.05 1A9 9 0 0 1 23 8.94m-1 7.98v3a2 2 0 0 1-2.18 2 19.79 19.79 0 0 1-8.63-3.07 19.5 19.5 0 0 1-6-6 19.79 19.79 0 0 1-3.07-8.67A2 2 0 0 1 4.11 2h3a2 2 0 0 1 2 1.72 12.84 12.84 0 0 0 .7 2.81 2 2 0 0 1-.45 2.11L8.09 9.91a16 16 0 0 0 6 6l1.27-1.27a2 2 0 0 1 2.11-.45 12.84 12.84 0 0 0 2.81.7A2 2 0 0 1 22 16.92z\"\/><\/svg><\/span><\/div><\/div><\/div><\/div><div class=\"kt-infobox-textcontent\"><h2 class=\"kt-blocks-info-box-title\">Telefon<\/h2><p class=\"kt-blocks-info-box-text\">Chcesz porozmawia\u0107? Biuro czynne jest w godzinach<br><strong>9-20<\/strong><\/p><\/div><\/a><\/div>\n<\/div><\/div>\n\n<\/div><\/div>\n\n<style>.kb-row-layout-id144_03df1a-2c > .kt-row-column-wrap{align-content:start;}:where(.kb-row-layout-id144_03df1a-2c > .kt-row-column-wrap) > .wp-block-kadence-column{justify-content:start;}.kb-row-layout-id144_03df1a-2c > .kt-row-column-wrap{column-gap:var(--global-kb-gap-md, 2rem);row-gap:var(--global-kb-gap-md, 2rem);max-width:600px;margin-left:auto;margin-right:auto;padding-top:60px;padding-right:25px;padding-bottom:60px;padding-left:25px;grid-template-columns:minmax(0, 1fr);}.kb-row-layout-id144_03df1a-2c > .kt-row-layout-overlay{opacity:0.30;}.kb-row-layout-id144_03df1a-2c ,.kb-row-layout-id144_03df1a-2c h1,.kb-row-layout-id144_03df1a-2c h2,.kb-row-layout-id144_03df1a-2c h3,.kb-row-layout-id144_03df1a-2c h4,.kb-row-layout-id144_03df1a-2c h5,.kb-row-layout-id144_03df1a-2c h6{color:var(--global-palette5, #4A5568);}@media all and (max-width: 1024px){.kb-row-layout-id144_03df1a-2c > .kt-row-column-wrap{grid-template-columns:minmax(0, 1fr);}}@media all and (max-width: 767px){.kb-row-layout-id144_03df1a-2c > .kt-row-column-wrap{grid-template-columns:minmax(0, 1fr);}}<\/style><div class=\"kb-row-layout-wrap kb-row-layout-id144_03df1a-2c alignfull has-theme-palette8-background-color kt-row-has-bg wp-block-kadence-rowlayout\"><div class=\"kt-row-column-wrap kt-has-1-columns kt-row-layout-equal kt-tab-layout-inherit kt-mobile-layout-row kt-row-valign-top\">\n<style>.kadence-column144_57e20d-81 > .kt-inside-inner-col,.kadence-column144_57e20d-81 > .kt-inside-inner-col:before{border-top-left-radius:0px;border-top-right-radius:0px;border-bottom-right-radius:0px;border-bottom-left-radius:0px;}.kadence-column144_57e20d-81 > .kt-inside-inner-col{column-gap:var(--global-kb-gap-sm, 1rem);}.kadence-column144_57e20d-81 > .kt-inside-inner-col{flex-direction:column;}.kadence-column144_57e20d-81 > .kt-inside-inner-col > .aligncenter{width:100%;}.kadence-column144_57e20d-81 > .kt-inside-inner-col:before{opacity:0.3;}.kadence-column144_57e20d-81{position:relative;}@media all and (max-width: 1024px){.kadence-column144_57e20d-81 > .kt-inside-inner-col{flex-direction:column;justify-content:center;}}@media all and (max-width: 767px){.kadence-column144_57e20d-81 > .kt-inside-inner-col{flex-direction:column;justify-content:center;}}<\/style>\n<div class=\"wp-block-kadence-column kadence-column144_57e20d-81 inner-column-1\"><div class=\"kt-inside-inner-col\"><style>.wp-block-kadence-advancedheading.kt-adv-heading144_55a4b2-97, .wp-block-kadence-advancedheading.kt-adv-heading144_55a4b2-97[data-kb-block=\"kb-adv-heading144_55a4b2-97\"]{margin-bottom:40px;text-align:center;font-size:50px;font-weight:normal;font-style:normal;text-transform:none;}.wp-block-kadence-advancedheading.kt-adv-heading144_55a4b2-97 mark.kt-highlight, .wp-block-kadence-advancedheading.kt-adv-heading144_55a4b2-97[data-kb-block=\"kb-adv-heading144_55a4b2-97\"] mark.kt-highlight{font-weight:normal;font-style:normal;color:#f76a0c;-webkit-box-decoration-break:clone;box-decoration-break:clone;padding-top:0px;padding-right:0px;padding-bottom:0px;padding-left:0px;}.wp-block-kadence-advancedheading.kt-adv-heading144_55a4b2-97 img.kb-inline-image, .wp-block-kadence-advancedheading.kt-adv-heading144_55a4b2-97[data-kb-block=\"kb-adv-heading144_55a4b2-97\"] img.kb-inline-image{width:150px;vertical-align:baseline;}<\/style>\n<h2 class=\"kt-adv-heading144_55a4b2-97 wp-block-kadence-advancedheading\" data-kb-block=\"kb-adv-heading144_55a4b2-97\">Formularz zapytania<\/h2>\n\n\n<style>.kadence-form-144_11e3e7-1b .kb-form .kadence-blocks-form-field .kb-text-style-field, .kadence-form-144_11e3e7-1b .kb-form .kadence-blocks-form-field .kb-select-style-field{color:var(--global-palette4, #2D3748);background:var(--global-palette9, #ffffff);border-color:#abb8c3;}.kadence-form-144_11e3e7-1b .kb-form .kadence-blocks-form-field > label{color:var(--global-palette6, #718096);}.kadence-form-144_11e3e7-1b .kb-form .kadence-blocks-form-field .kb-forms-submit{color:var(--global-palette9, #ffffff);background:var(--global-palette4, #2D3748);}.kadence-form-144_11e3e7-1b .kb-form .kadence-blocks-form-field .kb-forms-submit:hover, .kadence-form-144_11e3e7-1b .kb-form .kadence-blocks-form-field .kb-forms-submit:focus {color:var(--global-palette9, #ffffff);background:var(--global-palette5, #4A5568);}.kadence-form-144_11e3e7-1b .kb-form .kadence-blocks-form-field .kb-forms-submit{font-style:normal;font-weight:regular;}.kb-form input.kadence-blocks-field.verify{opacity:0.0;position:absolute;top:0.0;left:0.0;width:0.0;height:0.0;z-index:-1;}<\/style>\n<div class=\"wp-block-kadence-form kadence-form-144_11e3e7-1b kb-form-wrap\"><form class=\"kb-form\" action=\"\" method=\"post\"><div class=\"kadence-blocks-form-field kb-field-desk-width-100 kb-input-size-standard\"><input name=\"kb_field_0\" id=\"kb_field_144_11e3e7-1b_0\" data-label=\"Name\" type=\"text\" placeholder=\"Imi\u0119\" value=\"\" data-type=\"text\" class=\"kb-field kb-text-style-field kb-text-field kb-field-0\"\/><\/div><div class=\"kadence-blocks-form-field kb-form-field-1 kb-field-desk-width-100 kb-input-size-standard\"><input name=\"kb_field_1\" id=\"kb_field_144_11e3e7-1b_1\" data-label=\"Email\" type=\"email\" placeholder=\"Adres e-mail \" value=\"\" data-type=\"email\" class=\"kb-field kb-text-style-field kb-email-field kb-field-1\" data-required=\"yes\"\/><\/div><div class=\"kadence-blocks-form-field kb-form-field-2 kb-field-desk-width-100 kb-input-size-standard\"><textarea name=\"kb_field_2\" id=\"kb_field_144_11e3e7-1b_2\" data-label=\"Message\" type=\"textarea\" placeholder=\"Twoja wiadomo\u015b\u0107\" data-type=\"textarea\" class=\"kb-field kb-text-style-field kb-textarea-field kb-field-2\" rows=\"4\" data-required=\"yes\"><\/textarea><\/div><div class=\"kadence-blocks-form-field kb-form-field-3 kb-field-desk-width-100 kb-input-size-standard\"><label for=\"kb_field_144_11e3e7-1b_3\">Interesuje mnie: <\/label><select name=\"kb_field_3\" id=\"kb_field_144_11e3e7-1b_3\" data-label=\"Interesuje mnie: \" type=\"select\" value=\"wybierz opcje\" data-type=\"select\" class=\"kb-field kb-select-style-field kb-select-field kb-field-3\"><option value=\"Kontener biurowy\">Kontener biurowy<\/option><option value=\"Kontener handlowy\">Kontener handlowy<\/option><option value=\"Kontener gastronomiczny\">Kontener gastronomiczny<\/option><option value=\"Kontener magazynowy\">Kontener magazynowy<\/option><option value=\" Pomieszczenia socjalne\"> Pomieszczenia socjalne<\/option><option value=\"Domki modu\u0142owe\">Domki modu\u0142owe<\/option><option value=\"Rama\">Rama<\/option><option value=\"Inne\">Inne<\/option><\/select><\/div><input type=\"hidden\" name=\"_kb_form_id\" value=\"144_11e3e7-1b\"\/><input type=\"hidden\" name=\"_kb_form_post_id\" value=\"144\"\/><input type=\"hidden\" name=\"action\" value=\"kb_process_ajax_submit\"\/><label class=\"kadence-verify-label\">Email<input class=\"kadence-blocks-field verify\" type=\"text\" name=\"_kb_verify_email\" autocomplete=\"new-password\" aria-hidden=\"true\" placeholder=\"Email\" tabindex=\"-1\" data-1p-ignore=\"true\" data-lpignore=\"true\" \/><\/label><div class=\"kadence-blocks-form-field kb-submit-field kb-field-desk-width-100\"><button class=\"kb-forms-submit button kb-button-size-standard kb-button-width-full\">Wy\u015blij formularz<\/button><\/div><\/form><\/div>\n<noscript><div class=\"kadence-blocks-form-message kadence-blocks-form-warning\">Aby przes\u0142a\u0107 formularz, w\u0142\u0105cz obs\u0142ug\u0119 JavaScript w przegl\u0105darce<\/div><style>.kadence-form-144_11e3e7-1b .kadence-blocks-form-field.kb-submit-field { display: none; }<\/style><\/noscript><\/div><\/div>\n\n<\/div><\/div>\n\n\n<div class=\"wp-block-columns is-layout-flex wp-container-core-columns-is-layout-9d6595d7 wp-block-columns-is-layout-flex\">\n<div class=\"wp-block-column is-layout-flow wp-block-column-is-layout-flow\" style=\"flex-basis:100%\"><style>.kb-google-maps-container144_084463-6b{max-width:1250px;height:300px;margin-left:auto !important;margin-right:auto !important;}<\/style><div class=\"kb-google-maps-container kb-google-maps-container144_084463-6b  wp-block-kadence-googlemaps\" data-mapid=\"144_0844636b\"><iframe width=\"100%\" height=\"100%\"\n\t\t\t\t\t\t\tstyle=\"border:0\" loading=\"lazy\"\n\t\t\t\t\t\t\tsrc=\"https:\/\/www.google.com\/maps\/embed\/v1\/place?key=AIzaSyBAM2o7PiQqwk15LC1XRH2e_KJ-jUa7KYk&#038;zoom=11&#038;maptype=roadmap&#038;q=ul.+Wolska+51%2C+05-119+Stanis%C5%82aw%C3%B3w+Drugi\"\n\t\t\t\t\t\t\ttitle=\"Mapa Google ul. Wolska 51, 05-119 Stanis\u0142aw\u00f3w Drugi\"><\/iframe><\/div><script>function kb_google_map144_0844636b() { let center = { lat: 37.8201, lng: -122.4781}; let map = new google.maps.Map(document.getElementById(\"kb-google-map144_0844636b\"), {\n\t\t\t\t\t    zoom: 11,\n\t\t\t\t\t    center: center,});let marker = new google.maps.Marker({   position: { lat: 37.8201, lng: -122.4781},    map: map,  });}<\/script><\/div>\n<\/div>\n","protected":false},"excerpt":{"rendered":"<p>Kontakt PREMIUM CONTAINERS Piotr \u017bmijNIP: 536-189-77-41ul. Wolska 5105-119 Stanis\u0142aw\u00f3w Drugiemail: biuro@premiumcontainers.pl+48 570-916-125 Formularz zapytania<\/p>\n","protected":false},"author":1,"featured_media":0,"parent":0,"menu_order":0,"comment_status":"closed","ping_status":"closed","template":"","meta":{"_kadence_starter_templates_imported_post":true,"_kad_post_transparent":"","_kad_post_title":"","_kad_post_layout":"","_kad_post_sidebar_id":"","_kad_post_content_style":"","_kad_post_vertical_padding":"","_kad_post_feature":"","_kad_post_feature_position":"","_kad_post_header":false,"_kad_post_footer":false,"_kad_post_classname":"","footnotes":""},"class_list":["post-144","page","type-page","status-publish","hentry"],"_links":{"self":[{"href":"https:\/\/premiumcontainers.pl\/index.php?rest_route=\/wp\/v2\/pages\/144","targetHints":{"allow":["GET"]}}],"collection":[{"href":"https:\/\/premiumcontainers.pl\/index.php?rest_route=\/wp\/v2\/pages"}],"about":[{"href":"https:\/\/premiumcontainers.pl\/index.php?rest_route=\/wp\/v2\/types\/page"}],"author":[{"embeddable":true,"href":"https:\/\/premiumcontainers.pl\/index.php?rest_route=\/wp\/v2\/users\/1"}],"replies":[{"embeddable":true,"href":"https:\/\/premiumcontainers.pl\/index.php?rest_route=%2Fwp%2Fv2%2Fcomments&post=144"}],"version-history":[{"count":32,"href":"https:\/\/premiumcontainers.pl\/index.php?rest_route=\/wp\/v2\/pages\/144\/revisions"}],"predecessor-version":[{"id":805,"href":"https:\/\/premiumcontainers.pl\/index.php?rest_route=\/wp\/v2\/pages\/144\/revisions\/805"}],"wp:attachment":[{"href":"https:\/\/premiumcontainers.pl\/index.php?rest_route=%2Fwp%2Fv2%2Fmedia&parent=144"}],"curies":[{"name":"wp","href":"https:\/\/api.w.org\/{rel}","templated":true}]}}