{"id":546,"date":"2024-09-11T22:51:28","date_gmt":"2024-09-11T22:51:28","guid":{"rendered":"https:\/\/premiumcontainers.pl\/?page_id=546"},"modified":"2024-09-20T12:44:39","modified_gmt":"2024-09-20T12:44:39","slug":"oferta-cd","status":"publish","type":"page","link":"https:\/\/premiumcontainers.pl\/?page_id=546","title":{"rendered":"Oferta cd"},"content":{"rendered":"\n<div style=\"height:35px\" aria-hidden=\"true\" class=\"wp-block-spacer\"><\/div>\n\n\n\n<h1 class=\"wp-block-heading has-text-align-center has-xxlarge-font-size\">PREMIUM CONTAINERS<\/h1>\n\n\n\n<p class=\"has-text-align-center has-large-font-size\">Przeno\u015bne pawilony z kontener\u00f3w modu\u0142owych<\/p>\n\n\n\n<p class=\"has-text-align-center\">www.premiumcontainers.pl<\/p>\n\n\n\n<h2 class=\"wp-block-heading\">KIM JESTE\u015aMY?<\/h2>\n\n\n\n<p>Jeste\u015bmy firm\u0105 specjalizuj\u0105c\u0105 si\u0119 w produkcji przeno\u015bnych modu\u0142owych pawilon\u00f3w:<br><\/p>\n\n\n\n<ul class=\"wp-block-list\">\n<li>us\u0142ugowych,<\/li>\n\n\n\n<li>handlowych,<\/li>\n\n\n\n<li>biurowych,<\/li>\n\n\n\n<li>gastronomicznych,<\/li>\n\n\n\n<li>pracowniczych ,<\/li>\n\n\n\n<li>magazyn\u00f3w,<\/li>\n\n\n\n<li>dom\u00f3w letniskowych,<\/li>\n<\/ul>\n\n\n\n<p>Oraz : kiosk\u00f3w, ch\u0142odni, str\u00f3\u017c\u00f3wek, portierni, obiekt\u00f3w przemys\u0142owo\/ technicznych, gara\u017cy, szatni, kontener\u00f3w socjalnych, mieszkalnych, itp.<\/p>\n\n\n\n<h2 class=\"wp-block-heading\">CO NAS WYR\u00d3\u017bNIA?<\/h2>\n\n\n\n<p>Od pocz\u0105tku szukali\u015bmy alternatywy aby zast\u0105pi\u0107 ram\u0119 z profili zamkni\u0119tych , kt\u00f3ra nie jest odporna na wielokrotne przewo\u017cenie i d\u0142ugotrwa\u0142e u\u017cytkowanie. Idealnym rozwi\u0105zaniem okaza\u0142y si\u0119 profile zimnogi\u0119te, kt\u00f3re s\u0105 lepiej przystosowane do du\u017cych obci\u0105\u017ce\u0144 i daj\u0105 mo\u017cliwo\u015b\u0107 d\u0142ugotrwa\u0142ego u\u017cytkowania czy transportowania kontener\u00f3w oraz mo\u017cliwo\u015b\u0107 odsprzeda\u017cy na rynku wt\u00f3rnym<\/p>\n\n\n\n<h2 class=\"wp-block-heading\">Rama<\/h2>\n\n\n\n<p>Solidna stalowa konstrukcja z profili zimnogi\u0119tych, kt\u00f3re charakteryzuj\u0105 si\u0119 znaczn\u0105 wytrzyma\u0142o\u015bci\u0105 i niewielkim ci\u0119\u017carem. Dzi\u0119ki temu efektywnie przenosz\u0105 obci\u0105\u017cenie.<\/p>\n\n\n\n<p>ATUTY RAMY Z PROFILI ZIMNOGI\u0118TYCH:<\/p>\n\n\n\n<ul class=\"wp-block-list\">\n<li>system odprowadzania wody schowany w s\u0142upach<\/li>\n\n\n\n<li>uchwyty do \u0142\u0105czenia ze sob\u0105 kolejnych kontener\u00f3w<\/li>\n\n\n\n<li>zabezpieczenie antykorozyjnie lakierem epoksydowym na ca\u0142ej powierzchni<\/li>\n<\/ul>\n\n\n\n<p>DWA ROZMIARY RAMY :<br>2438 mm x 6058 mm x 2850 mm<br>2900 mm x 6058 mm x 2850 mm<\/p>\n\n\n\n<p>*Niezale\u017cnie od wielko\u015bci ramy, kontenery mo\u017cna ze sob\u0105 \u0142\u0105czy\u0107 oraz pi\u0119trowa\u0107 uzyskuj\u0105c oczekiwany metra\u017c docelowy<\/p>\n\n\n\n<h2 class=\"wp-block-heading\">P\u0142yta warstwowa<\/h2>\n\n\n\n<p>Z pianki poliuretanowej -posiada lepsze w\u0142a\u015bciwo\u015bci cieplne ni\u017c standardowa p\u0142yta o rdzeniu styropianowym. Pianki poliuretanowe s\u0105 materia\u0142em sztywnym, w odr\u00f3\u017cnieniu od styropianu i nie ulegaj\u0105 degradacji przez gryzonie.<br>Dodatkowym atutem pianki jest brak nasi\u0105kliwo\u015bci, czego nie mo\u017cna powiedzie\u0107 o we\u0142nie mineralnej.<\/p>\n\n\n\n<h2 class=\"wp-block-heading\">Dach<\/h2>\n\n\n\n<ul class=\"wp-block-list\">\n<li>wykonany z p\u0142yty dachowej poliuretanowej<\/li>\n\n\n\n<li>dodatkowo docieplony i wyg\u0142uszony we\u0142n\u0105 mineraln\u0105<\/li>\n\n\n\n<li>zachowany spadek<\/li>\n\n\n\n<li>wyko\u0144czony g\u0142adk\u0105 blach\u0105 od strony wewn\u0119trznej<\/li>\n\n\n\n<li>sufit wzmocniony wspornikami<\/li>\n<\/ul>\n\n\n\n<h2 class=\"wp-block-heading\">Pod\u0142oga<\/h2>\n\n\n\n<ul class=\"wp-block-list\">\n<li>wykonana z grubej p\u0142yty OSB 22mm<\/li>\n\n\n\n<li>docieplona we\u0142n\u0105 mineraln\u0105 i zabezpieczona foli\u0105<\/li>\n\n\n\n<li>oparta na legarach<\/li>\n\n\n\n<li>zabezpieczona blach\u0105 od spodu przed gryzoniami i wilgoci\u0105<\/li>\n<\/ul>\n\n\n\n<h2 class=\"wp-block-heading\">Bezpiecze\u0144stwo<\/h2>\n\n\n\n<p>Z racji tego, \u017ce kontenery sta\u0142y si\u0119 bardzo popularne i coraz wi\u0119cej ludzi prowadzi w nich sw\u00f3j biznes , podnosimy standardy i zwi\u0119kszamy bezpiecze\u0144stwo stosuj\u0105c najlepsze materia\u0142y. Kontenery s\u0105 przystosowane do naszych warunk\u00f3w atmosferycznych<\/p>\n\n\n\n<h2 class=\"wp-block-heading\">My a Konkurencja<\/h2>\n\n\n\n<div class=\"wp-block-columns is-layout-flex wp-container-core-columns-is-layout-9d6595d7 wp-block-columns-is-layout-flex\">\n<div class=\"wp-block-column is-layout-flow wp-block-column-is-layout-flow\">\n<h2 class=\"wp-block-heading\">Premium Containers<\/h2>\n\n\n\n<ul class=\"wp-block-list\">\n<li>Rama z profili zimnogi\u0119tych<\/li>\n\n\n\n<li>P\u0142yta warstwowa z piany poliuretanowej o grubo\u015bci 80mm<\/li>\n\n\n\n<li>Solidna pod\u0142oga, kt\u00f3ra nie ugina si\u0119 ( z p\u0142yt OSB 4 o grubo\u015bci 22mm)<\/li>\n\n\n\n<li>Dach z p\u0142yty warstwowej wyciszony i docieplony we\u0142n\u0105 mineraln\u0105<\/li>\n\n\n\n<li>Posiadamy ka\u017cdy rodzaj i kolor p\u0142yt warstwowych<\/li>\n\n\n\n<li>Wycena bez ukrytych koszt\u00f3w dodatkowych!<\/li>\n<\/ul>\n<\/div>\n\n\n\n<div class=\"wp-block-column is-layout-flow wp-block-column-is-layout-flow\">\n<h2 class=\"wp-block-heading\">Konkurencja<\/h2>\n\n\n\n<ul class=\"wp-block-list\">\n<li>Brak ramy ( p\u0142yty skr\u0119cone bez szkieletu)<\/li>\n\n\n\n<li>Rama starego typu z profili zamkni\u0119tych<\/li>\n\n\n\n<li>P\u0142yta warstwowa styropianowa<\/li>\n\n\n\n<li>mi\u0119kka pod\u0142oga z cienkich p\u0142yt OSB 1<\/li>\n\n\n\n<li>Dach z samej p\u0142yty warstwowej styropianowej<\/li>\n\n\n\n<li>Ograniczenie do p\u0142yt dost\u0119pnych na sk\u0142adach<\/li>\n\n\n\n<li>Ukryte koszta. Zani\u017cone ceny pocz\u0105tkowe, kt\u00f3re zwi\u0119kszaj\u0105 si\u0119 w trakcie realizacji zam\u00f3wienia<\/li>\n<\/ul>\n<\/div>\n<\/div>\n\n\n\n<h2 class=\"wp-block-heading\">KROK PO KROKU<\/h2>\n\n\n\n\n\n<h2 class=\"wp-block-heading\">INDYWIDUALNE PODEJ\u015aCIE DO KA\u017bDEGO KLIENTA<\/h2>\n\n\n\n<ul class=\"wp-block-list\">\n<li>Posiadamy projektanta, kt\u00f3ry na podstawie wytycznych klienta przygotuje wizualizacje<\/li>\n\n\n\n<li>Przygotujemy gotowy kontener 1:1 z w\u0142asnego projektu klienta<\/li>\n\n\n\n<li>Mo\u017cliwo\u015b\u0107 wyboru gotowego projektu z naszego katalogu<\/li>\n\n\n\n<li>Dowolno\u015b\u0107 aran\u017cacji<\/li>\n\n\n\n<li>Profesjonalne doradztwo<\/li>\n<\/ul>\n\n\n\n<h2 class=\"wp-block-heading\">Mo\u017cliwe Wyko\u0144czenie wn\u0119trza<\/h2>\n\n\n\n<p>Istnieje r\u00f3wnie\u017c mo\u017cliwo\u015b\u0107 wyposa\u017cenia wn\u0119trza w:<\/p>\n\n\n\n<ul class=\"wp-block-list\">\n<li>Klimatyzacj\u0119<\/li>\n\n\n\n<li>Instalacja elektryczn\u0105 \u2013 o\u015bwietlenie led<\/li>\n\n\n\n<li>Sanitariaty<\/li>\n\n\n\n<li>Pod\u0142og\u0119 + listwy<\/li>\n\n\n\n<li>\u015acianki dzia\u0142owe<\/li>\n\n\n\n<li>Podwieszany sufit\/ kasetony<\/li>\n\n\n\n<li>Rolety zewn\u0119trzne antyw\u0142amaniowe<\/li>\n<\/ul>\n\n\n\n<h2 class=\"wp-block-heading\">Formy wsp\u00f3\u0142pracy<\/h2>\n\n\n\n<p>Oferujemy sprzeda\u017c oraz wynajem kontener\u00f3w &#8211; zajmiemy si\u0119 transportem<\/p>\n\n\n\n<ul class=\"wp-block-list\">\n<li>Serwis i monta\u017c na terenie ca\u0142ej Polski<\/li>\n<\/ul>\n\n\n\n<h2 class=\"wp-block-heading\">Czas realizacji<\/h2>\n\n\n\n<p>Termin realizacji od zaakceptowania projektu wynosi od dw\u00f3ch do czterech miesi\u0119cy w zale\u017cno\u015bci od dost\u0119pno\u015bci materia\u0142\u00f3w ( nietypowe okna lub wz\u00f3r p\u0142yty warstwowej)<\/p>\n\n\n\n<h2 class=\"wp-block-heading\">Zrealizuj z nami sw\u00f3j projekt !<\/h2>\n\n\n\n<p>Zadzwo\u0144 : <strong>570-916-125<\/strong><br>lub napisz do nas!<br><strong>biuro@premiumcontainers.pl<\/strong><\/p>\n\n\n\n<p><\/p>\n\n\n\n<p><\/p>\n\n\n\n<p><\/p>\n","protected":false},"excerpt":{"rendered":"<p>PREMIUM CONTAINERS Przeno\u015bne pawilony z kontener\u00f3w modu\u0142owych www.premiumcontainers.pl KIM JESTE\u015aMY? Jeste\u015bmy firm\u0105 specjalizuj\u0105c\u0105 si\u0119 w produkcji przeno\u015bnych modu\u0142owych pawilon\u00f3w: Oraz : kiosk\u00f3w, ch\u0142odni, str\u00f3\u017c\u00f3wek, portierni, obiekt\u00f3w przemys\u0142owo\/ technicznych, gara\u017cy, szatni, kontener\u00f3w socjalnych, mieszkalnych, itp. CO NAS WYR\u00d3\u017bNIA? Od pocz\u0105tku szukali\u015bmy alternatywy aby zast\u0105pi\u0107 ram\u0119 z profili zamkni\u0119tych , kt\u00f3ra nie jest odporna na wielokrotne przewo\u017cenie&#8230;<\/p>\n","protected":false},"author":1,"featured_media":0,"parent":0,"menu_order":0,"comment_status":"closed","ping_status":"closed","template":"","meta":{"_kadence_starter_templates_imported_post":false,"_kad_post_transparent":"","_kad_post_title":"","_kad_post_layout":"","_kad_post_sidebar_id":"","_kad_post_content_style":"","_kad_post_vertical_padding":"","_kad_post_feature":"","_kad_post_feature_position":"","_kad_post_header":false,"_kad_post_footer":false,"_kad_post_classname":"","footnotes":""},"class_list":["post-546","page","type-page","status-publish","hentry"],"_links":{"self":[{"href":"https:\/\/premiumcontainers.pl\/index.php?rest_route=\/wp\/v2\/pages\/546","targetHints":{"allow":["GET"]}}],"collection":[{"href":"https:\/\/premiumcontainers.pl\/index.php?rest_route=\/wp\/v2\/pages"}],"about":[{"href":"https:\/\/premiumcontainers.pl\/index.php?rest_route=\/wp\/v2\/types\/page"}],"author":[{"embeddable":true,"href":"https:\/\/premiumcontainers.pl\/index.php?rest_route=\/wp\/v2\/users\/1"}],"replies":[{"embeddable":true,"href":"https:\/\/premiumcontainers.pl\/index.php?rest_route=%2Fwp%2Fv2%2Fcomments&post=546"}],"version-history":[{"count":38,"href":"https:\/\/premiumcontainers.pl\/index.php?rest_route=\/wp\/v2\/pages\/546\/revisions"}],"predecessor-version":[{"id":843,"href":"https:\/\/premiumcontainers.pl\/index.php?rest_route=\/wp\/v2\/pages\/546\/revisions\/843"}],"wp:attachment":[{"href":"https:\/\/premiumcontainers.pl\/index.php?rest_route=%2Fwp%2Fv2%2Fmedia&parent=546"}],"curies":[{"name":"wp","href":"https:\/\/api.w.org\/{rel}","templated":true}]}}