{"id":664,"date":"2024-09-12T12:27:21","date_gmt":"2024-09-12T12:27:21","guid":{"rendered":"https:\/\/premiumcontainers.pl\/?page_id=664"},"modified":"2024-10-02T21:34:35","modified_gmt":"2024-10-02T21:34:35","slug":"opcje","status":"publish","type":"page","link":"https:\/\/premiumcontainers.pl\/?page_id=664","title":{"rendered":"Us\u0142ugi dodatkowe"},"content":{"rendered":"\n<div style=\"height:71px\" aria-hidden=\"true\" class=\"wp-block-spacer\"><\/div>\n\n\n\n<div class=\"wp-block-columns is-layout-flex wp-container-core-columns-is-layout-9d6595d7 wp-block-columns-is-layout-flex\">\n<div class=\"wp-block-column is-layout-flow wp-block-column-is-layout-flow\" style=\"flex-basis:33.33%\">\n<div class=\"wp-block-cover\" style=\"min-height:551px;aspect-ratio:unset;\"><span aria-hidden=\"true\" class=\"wp-block-cover__background has-background-dim-40 has-background-dim\"><\/span><img loading=\"lazy\" decoding=\"async\" width=\"1000\" height=\"667\" class=\"wp-block-cover__image-background wp-image-809\" alt=\"\" src=\"https:\/\/premiumcontainers.pl\/wp-content\/uploads\/2024\/09\/monter.webp\" data-object-fit=\"cover\" srcset=\"https:\/\/premiumcontainers.pl\/wp-content\/uploads\/2024\/09\/monter.webp 1000w, https:\/\/premiumcontainers.pl\/wp-content\/uploads\/2024\/09\/monter-300x200.webp 300w, https:\/\/premiumcontainers.pl\/wp-content\/uploads\/2024\/09\/monter-768x512.webp 768w, https:\/\/premiumcontainers.pl\/wp-content\/uploads\/2024\/09\/monter-600x400.webp 600w\" sizes=\"auto, (max-width: 1000px) 100vw, 1000px\" \/><div class=\"wp-block-cover__inner-container is-layout-flow wp-block-cover-is-layout-flow\">\n<p class=\"has-text-align-center has-large-font-size\">Instalacje<\/p>\n<\/div><\/div>\n<\/div>\n\n\n\n<div class=\"wp-block-column is-layout-flow wp-block-column-is-layout-flow\" style=\"flex-basis:66.66%\">\n<p class=\"has-medium-font-size\"><strong> INSTALACJE<\/strong>:<\/p>\n\n\n\n<p><strong>Klimatyzacja:<\/strong><\/p>\n\n\n\n<ul class=\"wp-block-list\">\n<li>Mo\u017cliwo\u015b\u0107 instalacji klimatyzacji typu split lub monoblok.<\/li>\n\n\n\n<li>Zapewnia komfort cieplny w ka\u017cdej porze roku.<\/li>\n\n\n\n<li>Energooszcz\u0119dne rozwi\u0105zania, idealne dla kontener\u00f3w mieszkalnych i biurowych.<\/li>\n\n\n\n<li>Szybki monta\u017c i \u0142atwo\u015b\u0107 obs\u0142ugi.<\/li>\n<\/ul>\n\n\n\n<p><strong>Elektryka:<\/strong><\/p>\n\n\n\n<ul class=\"wp-block-list\">\n<li>Pe\u0142na instalacja elektryczna z gniazdkami, o\u015bwietleniem LED i rozdzielnic\u0105.<\/li>\n\n\n\n<li>Zabezpieczenia przeciwprzepi\u0119ciowe i mo\u017cliwo\u015b\u0107 pod\u0142\u0105czenia do zewn\u0119trznego \u017ar\u00f3d\u0142a zasilania.<\/li>\n\n\n\n<li>Dopasowanie mocy i rozk\u0142adu gniazdek do potrzeb u\u017cytkownika.<\/li>\n<\/ul>\n\n\n\n<p><strong>Hydraulika:<\/strong><\/p>\n\n\n\n<ul class=\"wp-block-list\">\n<li>Kompleksowa instalacja wodno-kanalizacyjna: umywalki, WC, prysznice.<\/li>\n\n\n\n<li>Mo\u017cliwo\u015b\u0107 pod\u0142\u0105czenia do sieci wodoci\u0105gowej lub zastosowania zbiornik\u00f3w na wod\u0119.<\/li>\n\n\n\n<li>Nowoczesne i oszcz\u0119dne urz\u0105dzenia sanitarne.<\/li>\n<\/ul>\n<\/div>\n<\/div>\n\n\n\n<div style=\"height:76px\" aria-hidden=\"true\" class=\"wp-block-spacer\"><\/div>\n\n\n\n<div class=\"wp-block-columns is-layout-flex wp-container-core-columns-is-layout-9d6595d7 wp-block-columns-is-layout-flex\">\n<div class=\"wp-block-column is-layout-flow wp-block-column-is-layout-flow\" style=\"flex-basis:33.33%\">\n<div class=\"wp-block-cover wp-duotone-unset-1\" style=\"min-height:551px;aspect-ratio:unset;\"><span aria-hidden=\"true\" class=\"wp-block-cover__background has-theme-palette-3-background-color has-background-dim\"><\/span><img loading=\"lazy\" decoding=\"async\" width=\"1000\" height=\"667\" class=\"wp-block-cover__image-background wp-image-812\" alt=\"\" src=\"https:\/\/premiumcontainers.pl\/wp-content\/uploads\/2024\/09\/miara.webp\" data-object-fit=\"cover\" srcset=\"https:\/\/premiumcontainers.pl\/wp-content\/uploads\/2024\/09\/miara.webp 1000w, https:\/\/premiumcontainers.pl\/wp-content\/uploads\/2024\/09\/miara-300x200.webp 300w, https:\/\/premiumcontainers.pl\/wp-content\/uploads\/2024\/09\/miara-768x512.webp 768w, https:\/\/premiumcontainers.pl\/wp-content\/uploads\/2024\/09\/miara-600x400.webp 600w\" sizes=\"auto, (max-width: 1000px) 100vw, 1000px\" \/><div class=\"wp-block-cover__inner-container is-layout-flow wp-block-cover-is-layout-flow\">\n<p class=\"has-text-align-center has-large-font-size\"><strong>Modyfikowanie konstrukcji<\/strong><\/p>\n<\/div><\/div>\n<\/div>\n\n\n\n<div class=\"wp-block-column is-layout-flow wp-block-column-is-layout-flow\" style=\"flex-basis:66.66%\">\n<p class=\"has-medium-font-size\"><strong>MODYFIKOWANIE KONSTRUKCJI<\/strong><\/p>\n\n\n\n<p><strong>Zmiana wymiar\u00f3w konstrukcji:<\/strong><\/p>\n\n\n\n<ul class=\"wp-block-list\">\n<li>Mo\u017cliwo\u015b\u0107 dostosowania wymiar\u00f3w kontenera do indywidualnych potrzeb klienta.<\/li>\n\n\n\n<li>Zmieniamy d\u0142ugo\u015b\u0107, szeroko\u015b\u0107 oraz wysoko\u015b\u0107 konstrukcji, aby spe\u0142ni\u0107 konkretne wymagania projektowe.<\/li>\n\n\n\n<li>Oferujemy elastyczno\u015b\u0107 w projektowaniu, co pozwala na tworzenie niestandardowych modu\u0142\u00f3w o r\u00f3\u017cnych przeznaczeniach, takich jak magazyny, biura czy pomieszczenia socjalne.<\/li>\n<\/ul>\n\n\n\n<p><strong>Wzmocnienia pod\u0142ogi:<\/strong><\/p>\n\n\n\n<ul class=\"wp-block-list\">\n<li>Wykonujemy dodatkowe wzmocnienia pod\u0142ogi, aby zapewni\u0107 wy\u017csz\u0105 no\u015bno\u015b\u0107 dla ci\u0119\u017ckich \u0142adunk\u00f3w, maszyn lub wyposa\u017cenia.<\/li>\n\n\n\n<li>Wzmocnione pod\u0142ogi s\u0105 idealne do zastosowa\u0144 przemys\u0142owych, magazynowych i transportowych.<\/li>\n\n\n\n<li>U\u017cywamy wysokiej jako\u015bci materia\u0142\u00f3w, takich jak dodatkowe stalowe belki wzmacniaj\u0105ce, aby zapewni\u0107 stabilno\u015b\u0107 i trwa\u0142o\u015b\u0107 konstrukcji.<\/li>\n<\/ul>\n\n\n\n<p><strong>Zmiana standardowej grubo\u015bci kszta\u0142townik\u00f3w:<\/strong><\/p>\n\n\n\n<ul class=\"wp-block-list\">\n<li>Oferujemy mo\u017cliwo\u015b\u0107 zmiany grubo\u015bci profili stalowych w konstrukcji w zale\u017cno\u015bci od wymaga\u0144 wytrzyma\u0142o\u015bciowych i warunk\u00f3w u\u017cytkowania.<\/li>\n\n\n\n<li>Grubsze kszta\u0142towniki s\u0105 stosowane w przypadku konstrukcji, kt\u00f3re musz\u0105 wytrzyma\u0107 wi\u0119ksze obci\u0105\u017cenia lub dzia\u0142anie trudnych warunk\u00f3w atmosferycznych.<\/li>\n\n\n\n<li>Dzi\u0119ki temu konstrukcja zyskuje na trwa\u0142o\u015bci i odporno\u015bci, zw\u0142aszcza w d\u0142ugoterminowych projektach.<\/li>\n<\/ul>\n\n\n\n<p><strong>Wykonujemy na zam\u00f3wienie konstrukcje ocynkowane:<\/strong><\/p>\n\n\n\n<ul class=\"wp-block-list\">\n<li>Oferujemy konstrukcje stalowe zabezpieczone przed korozj\u0105 poprzez cynkowanie ogniowe.<\/li>\n\n\n\n<li>Ocynkowane elementy s\u0105 odporne na dzia\u0142anie wilgoci, soli, a tak\u017ce trudnych warunk\u00f3w atmosferycznych, co wyd\u0142u\u017ca ich \u017cywotno\u015b\u0107.<\/li>\n\n\n\n<li>Wykonujemy ocynkowane konstrukcje na zam\u00f3wienie, zgodnie z indywidualnymi wytycznymi klienta, co zapewnia pe\u0142ne dopasowanie do projektu i wymaga\u0144 technicznych.<\/li>\n<\/ul>\n<\/div>\n<\/div>\n\n\n\n<div style=\"height:75px\" aria-hidden=\"true\" class=\"wp-block-spacer\"><\/div>\n\n\n\n<div class=\"wp-block-columns is-layout-flex wp-container-core-columns-is-layout-9d6595d7 wp-block-columns-is-layout-flex\">\n<div class=\"wp-block-column is-layout-flow wp-block-column-is-layout-flow\" style=\"flex-basis:33.33%\">\n<div class=\"wp-block-cover wp-duotone-unset-2\" style=\"min-height:551px;aspect-ratio:unset;\"><span aria-hidden=\"true\" class=\"wp-block-cover__background has-theme-palette-3-background-color has-background-dim\"><\/span><img loading=\"lazy\" decoding=\"async\" width=\"1000\" height=\"753\" class=\"wp-block-cover__image-background wp-image-816\" alt=\"\" src=\"https:\/\/premiumcontainers.pl\/wp-content\/uploads\/2024\/09\/koszyk.webp\" data-object-fit=\"cover\" srcset=\"https:\/\/premiumcontainers.pl\/wp-content\/uploads\/2024\/09\/koszyk.webp 1000w, https:\/\/premiumcontainers.pl\/wp-content\/uploads\/2024\/09\/koszyk-300x226.webp 300w, https:\/\/premiumcontainers.pl\/wp-content\/uploads\/2024\/09\/koszyk-768x578.webp 768w, https:\/\/premiumcontainers.pl\/wp-content\/uploads\/2024\/09\/koszyk-600x452.webp 600w\" sizes=\"auto, (max-width: 1000px) 100vw, 1000px\" \/><div class=\"wp-block-cover__inner-container is-layout-flow wp-block-cover-is-layout-flow\">\n<p class=\"has-text-align-center has-large-font-size\"><strong>Sprzeda\u017a detaliczna i hurtowa<\/strong><\/p>\n<\/div><\/div>\n<\/div>\n\n\n\n<div class=\"wp-block-column is-layout-flow wp-block-column-is-layout-flow\" style=\"flex-basis:66.66%\">\n<p class=\"has-medium-font-size\"><strong> SPRZEDA\u017b DETALICZNA I HURTOWA<\/strong><\/p>\n\n\n\n<p>Zajmujemy si\u0119 r\u00f3wnie\u017c sprzeda\u017c\u0105 materia\u0142\u00f3w. W naszej ofercie posiadamy:<\/p>\n\n\n\n<ul class=\"wp-block-list\">\n<li>P\u0142yty warstwowe<\/li>\n\n\n\n<li>Blachy trapezowe<\/li>\n\n\n\n<li>Lamele PCV<\/li>\n\n\n\n<li>Kszta\u0142towniki zimnogi\u0119te<\/li>\n\n\n\n<li>Obr\u00f3bki blacharskie<\/li>\n\n\n\n<li>Okna przystosowane do p\u0142yt warstwowych<\/li>\n\n\n\n<li>\u015aci\u0105gi oraz uszczelki kontenerowe<\/li>\n\n\n\n<li>We\u0142n\u0119 mineraln\u0105<\/li>\n<\/ul>\n\n\n\n<p><\/p>\n<\/div>\n<\/div>\n\n\n\n<div style=\"height:75px\" aria-hidden=\"true\" class=\"wp-block-spacer\"><\/div>\n\n\n\n<div class=\"wp-block-columns is-layout-flex wp-container-core-columns-is-layout-9d6595d7 wp-block-columns-is-layout-flex\">\n<div class=\"wp-block-column is-layout-flow wp-block-column-is-layout-flow\" style=\"flex-basis:33.33%\">\n<div class=\"wp-block-cover wp-duotone-unset-3\" style=\"min-height:551px;aspect-ratio:unset;\"><span aria-hidden=\"true\" class=\"wp-block-cover__background has-theme-palette-3-background-color has-background-dim\"><\/span><img loading=\"lazy\" decoding=\"async\" width=\"740\" height=\"740\" class=\"wp-block-cover__image-background wp-image-818\" alt=\"\" src=\"https:\/\/premiumcontainers.pl\/wp-content\/uploads\/2024\/09\/serwis.webp\" data-object-fit=\"cover\" srcset=\"https:\/\/premiumcontainers.pl\/wp-content\/uploads\/2024\/09\/serwis.webp 740w, https:\/\/premiumcontainers.pl\/wp-content\/uploads\/2024\/09\/serwis-300x300.webp 300w, https:\/\/premiumcontainers.pl\/wp-content\/uploads\/2024\/09\/serwis-150x150.webp 150w, https:\/\/premiumcontainers.pl\/wp-content\/uploads\/2024\/09\/serwis-600x600.webp 600w, https:\/\/premiumcontainers.pl\/wp-content\/uploads\/2024\/09\/serwis-100x100.webp 100w\" sizes=\"auto, (max-width: 740px) 100vw, 740px\" \/><div class=\"wp-block-cover__inner-container is-layout-flow wp-block-cover-is-layout-flow\">\n<p class=\"has-text-align-center has-large-font-size\"><strong>Serwis<\/strong><\/p>\n<\/div><\/div>\n<\/div>\n\n\n\n<div class=\"wp-block-column is-vertically-aligned-center is-layout-flow wp-block-column-is-layout-flow\" style=\"flex-basis:66.66%\">\n<p class=\"has-medium-font-size\"><strong> SERWIS<\/strong><\/p>\n\n\n\n<p>Oferujemy kompleksowy serwis kontener\u00f3w modu\u0142owych, obejmuj\u0105cy naprawy, konserwacj\u0119, modernizacje oraz dostosowanie do nowych potrzeb, a dodatkowo zapewniamy 24 miesi\u0105ce gwarancji, aby\u015b m\u00f3g\u0142 cieszy\u0107 si\u0119 ich bezproblemowym u\u017cytkowaniem.<\/p>\n\n\n\n<p><\/p>\n<\/div>\n<\/div>\n\n\n\n<div style=\"height:75px\" aria-hidden=\"true\" class=\"wp-block-spacer\"><\/div>\n\n\n\n<div class=\"wp-block-columns is-layout-flex wp-container-core-columns-is-layout-9d6595d7 wp-block-columns-is-layout-flex\">\n<div class=\"wp-block-column is-layout-flow wp-block-column-is-layout-flow\" style=\"flex-basis:33.33%\">\n<div class=\"wp-block-cover wp-duotone-unset-4\" style=\"min-height:551px;aspect-ratio:unset;\"><span aria-hidden=\"true\" class=\"wp-block-cover__background has-theme-palette-3-background-color has-background-dim\"><\/span><img loading=\"lazy\" decoding=\"async\" width=\"1920\" height=\"1920\" class=\"wp-block-cover__image-background wp-image-819\" alt=\"\" src=\"https:\/\/premiumcontainers.pl\/wp-content\/uploads\/2024\/09\/uscisk.webp\" data-object-fit=\"cover\" srcset=\"https:\/\/premiumcontainers.pl\/wp-content\/uploads\/2024\/09\/uscisk.webp 1920w, https:\/\/premiumcontainers.pl\/wp-content\/uploads\/2024\/09\/uscisk-300x300.webp 300w, https:\/\/premiumcontainers.pl\/wp-content\/uploads\/2024\/09\/uscisk-1024x1024.webp 1024w, https:\/\/premiumcontainers.pl\/wp-content\/uploads\/2024\/09\/uscisk-150x150.webp 150w, https:\/\/premiumcontainers.pl\/wp-content\/uploads\/2024\/09\/uscisk-768x768.webp 768w, https:\/\/premiumcontainers.pl\/wp-content\/uploads\/2024\/09\/uscisk-1536x1536.webp 1536w, https:\/\/premiumcontainers.pl\/wp-content\/uploads\/2024\/09\/uscisk-600x600.webp 600w, https:\/\/premiumcontainers.pl\/wp-content\/uploads\/2024\/09\/uscisk-100x100.webp 100w\" sizes=\"auto, (max-width: 1920px) 100vw, 1920px\" \/><div class=\"wp-block-cover__inner-container is-layout-flow wp-block-cover-is-layout-flow\">\n<p class=\"has-text-align-center has-large-font-size\"><strong>Wynajem Kontener\u00f3w<\/strong><\/p>\n<\/div><\/div>\n<\/div>\n\n\n\n<div class=\"wp-block-column is-layout-flow wp-block-column-is-layout-flow\" style=\"flex-basis:66.66%\">\n<p class=\"has-medium-font-size\"><strong> WYNAJEM KONTENER\u00d3W<\/strong><\/p>\n\n\n\n<p><strong>Wynajem kontener\u00f3w:<\/strong><\/p>\n\n\n\n<ul class=\"wp-block-list\">\n<li><strong>Szeroka oferta kontener\u00f3w do wynajmu<\/strong>: Oferujemy r\u00f3\u017cnorodne typy kontener\u00f3w na wynajem, takie jak kontenery biurowe, magazynowe, socjalne, handlowe oraz mieszkalne. Dost\u0119pne w standardowych rozmiarach lub dostosowane do specyficznych wymaga\u0144 klient\u00f3w.<\/li>\n\n\n\n<li><strong>Elastyczne warunki najmu<\/strong>: Nasza oferta wynajmu jest elastyczna, obejmuj\u0105c zar\u00f3wno kr\u00f3tkoterminowy, jak i d\u0142ugoterminowy wynajem kontener\u00f3w. Mo\u017cemy dostosowa\u0107 warunki najmu do specyficznych potrzeb Twojego projektu lub biznesu.<\/li>\n\n\n\n<li><strong>Wynajem na plac budowy i inne lokalizacje<\/strong>: Nasze kontenery idealnie sprawdzaj\u0105 si\u0119 jako tymczasowe biura, magazyny lub pomieszczenia socjalne na placach budowy. Oferujemy r\u00f3wnie\u017c wynajem dla firm organizuj\u0105cych wydarzenia, festiwale czy targi.<\/li>\n\n\n\n<li><strong>Kompleksowe wyposa\u017cenie<\/strong>: Kontenery oferowane do wynajmu mog\u0105 by\u0107 w pe\u0142ni wyposa\u017cone zgodnie z potrzebami klienta, w tym w instalacj\u0119 elektryczn\u0105, klimatyzacj\u0119, ogrzewanie, o\u015bwietlenie oraz meble biurowe. Dodatkowo, istnieje mo\u017cliwo\u015b\u0107 dostosowania wn\u0119trza kontener\u00f3w do specyficznych wymaga\u0144 \u2013 od prostych magazyn\u00f3w po zaawansowane biura.<\/li>\n\n\n\n<li><strong>Transport i monta\u017c<\/strong>: Zapewniamy kompleksow\u0105 obs\u0142ug\u0119, w tym transport kontener\u00f3w na miejsce oraz ich monta\u017c. Nasze kontenery s\u0105 \u0142atwe w transporcie i szybkie do ustawienia, co minimalizuje czas przestoju w projekcie.<\/li>\n\n\n\n<li><strong>Niskie koszty utrzymania<\/strong>: Kontenery wynajmowane od naszej firmy s\u0105 solidnie wykonane i dobrze zaizolowane, co zapewnia komfort u\u017cytkowania przy minimalnych kosztach eksploatacyjnych, takich jak ogrzewanie czy klimatyzacja.<\/li>\n\n\n\n<li><strong>Wsparcie techniczne i serwis<\/strong>: Podczas okresu najmu oferujemy pe\u0142ne wsparcie techniczne, w tym serwisowanie kontener\u00f3w, aby zapewni\u0107 ich sprawne funkcjonowanie przez ca\u0142y okres u\u017cytkowania.<\/li>\n<\/ul>\n\n\n\n<p>Wynajem kontener\u00f3w to idealne rozwi\u0105zanie dla firm poszukuj\u0105cych elastycznych i ekonomicznych przestrzeni tymczasowych, bez potrzeby inwestowania w zakup. Dzi\u0119ki szerokiej gamie opcji, mo\u017cemy dostosowa\u0107 ofert\u0119 do r\u00f3\u017cnych bran\u017c i potrzeb.<\/p>\n<\/div>\n<\/div>\n\n\n\n<div style=\"height:75px\" aria-hidden=\"true\" class=\"wp-block-spacer\"><\/div>\n","protected":false},"excerpt":{"rendered":"<p>INSTALACJE: Klimatyzacja: Elektryka: Hydraulika: MODYFIKOWANIE KONSTRUKCJI Zmiana wymiar\u00f3w konstrukcji: Wzmocnienia pod\u0142ogi: Zmiana standardowej grubo\u015bci kszta\u0142townik\u00f3w: Wykonujemy na zam\u00f3wienie konstrukcje ocynkowane: SPRZEDA\u017b DETALICZNA I HURTOWA Zajmujemy si\u0119 r\u00f3wnie\u017c sprzeda\u017c\u0105 materia\u0142\u00f3w. W naszej ofercie posiadamy: SERWIS Oferujemy kompleksowy serwis kontener\u00f3w modu\u0142owych, obejmuj\u0105cy naprawy, konserwacj\u0119, modernizacje oraz dostosowanie do nowych potrzeb, a dodatkowo zapewniamy 24 miesi\u0105ce gwarancji, aby\u015b&#8230;<\/p>\n","protected":false},"author":1,"featured_media":0,"parent":0,"menu_order":0,"comment_status":"closed","ping_status":"closed","template":"","meta":{"_kadence_starter_templates_imported_post":false,"_kad_post_transparent":"","_kad_post_title":"","_kad_post_layout":"","_kad_post_sidebar_id":"","_kad_post_content_style":"","_kad_post_vertical_padding":"","_kad_post_feature":"","_kad_post_feature_position":"","_kad_post_header":false,"_kad_post_footer":false,"_kad_post_classname":"","footnotes":""},"class_list":["post-664","page","type-page","status-publish","hentry"],"_links":{"self":[{"href":"https:\/\/premiumcontainers.pl\/index.php?rest_route=\/wp\/v2\/pages\/664","targetHints":{"allow":["GET"]}}],"collection":[{"href":"https:\/\/premiumcontainers.pl\/index.php?rest_route=\/wp\/v2\/pages"}],"about":[{"href":"https:\/\/premiumcontainers.pl\/index.php?rest_route=\/wp\/v2\/types\/page"}],"author":[{"embeddable":true,"href":"https:\/\/premiumcontainers.pl\/index.php?rest_route=\/wp\/v2\/users\/1"}],"replies":[{"embeddable":true,"href":"https:\/\/premiumcontainers.pl\/index.php?rest_route=%2Fwp%2Fv2%2Fcomments&post=664"}],"version-history":[{"count":16,"href":"https:\/\/premiumcontainers.pl\/index.php?rest_route=\/wp\/v2\/pages\/664\/revisions"}],"predecessor-version":[{"id":892,"href":"https:\/\/premiumcontainers.pl\/index.php?rest_route=\/wp\/v2\/pages\/664\/revisions\/892"}],"wp:attachment":[{"href":"https:\/\/premiumcontainers.pl\/index.php?rest_route=%2Fwp%2Fv2%2Fmedia&parent=664"}],"curies":[{"name":"wp","href":"https:\/\/api.w.org\/{rel}","templated":true}]}}