{"id":943,"date":"2025-12-04T11:30:10","date_gmt":"2025-12-04T11:30:10","guid":{"rendered":"https:\/\/premiumcontainers.pl\/?page_id=943"},"modified":"2025-12-04T11:30:10","modified_gmt":"2025-12-04T11:30:10","slug":"blog-5","status":"publish","type":"page","link":"https:\/\/premiumcontainers.pl\/?page_id=943","title":{"rendered":"Blog"},"content":{"rendered":"<style>.kb-row-layout-id943_b4e8d1-64 > .kt-row-column-wrap{align-content:start;}:where(.kb-row-layout-id943_b4e8d1-64 > .kt-row-column-wrap) > .wp-block-kadence-column{justify-content:start;}.kb-row-layout-id943_b4e8d1-64 > .kt-row-column-wrap{column-gap:var(--global-kb-gap-md, 2rem);row-gap:var(--global-kb-gap-md, 2rem);max-width:var( --global-content-width, 1200px );padding-left:var(--global-content-edge-padding);padding-right:var(--global-content-edge-padding);padding-top:var(--global-kb-spacing-sm, 1.5rem);padding-bottom:var(--global-kb-spacing-sm, 1.5rem);grid-template-columns:minmax(0, 1fr);}.kb-row-layout-id943_b4e8d1-64 > .kt-row-layout-overlay{opacity:0.30;}@media all and (max-width: 1024px){.kb-row-layout-id943_b4e8d1-64 > .kt-row-column-wrap{grid-template-columns:minmax(0, 1fr);}}@media all and (max-width: 767px){.kb-row-layout-id943_b4e8d1-64 > .kt-row-column-wrap{grid-template-columns:minmax(0, 1fr);}}<\/style><div class=\"kb-row-layout-wrap kb-row-layout-id943_b4e8d1-64 alignnone wp-block-kadence-rowlayout\"><div class=\"kt-row-column-wrap kt-has-1-columns kt-row-layout-equal kt-tab-layout-inherit kt-mobile-layout-row kt-row-valign-top kb-theme-content-width\">\n<style>.kadence-column943_1e150d-d3 > .kt-inside-inner-col,.kadence-column943_1e150d-d3 > .kt-inside-inner-col:before{border-top-left-radius:0px;border-top-right-radius:0px;border-bottom-right-radius:0px;border-bottom-left-radius:0px;}.kadence-column943_1e150d-d3 > .kt-inside-inner-col{column-gap:var(--global-kb-gap-sm, 1rem);}.kadence-column943_1e150d-d3 > .kt-inside-inner-col{flex-direction:column;}.kadence-column943_1e150d-d3 > .kt-inside-inner-col > .aligncenter{width:100%;}.kadence-column943_1e150d-d3 > .kt-inside-inner-col:before{opacity:0.3;}.kadence-column943_1e150d-d3{position:relative;}@media all and (max-width: 1024px){.kadence-column943_1e150d-d3 > .kt-inside-inner-col{flex-direction:column;justify-content:center;}}@media all and (max-width: 767px){.kadence-column943_1e150d-d3 > .kt-inside-inner-col{flex-direction:column;justify-content:center;}}<\/style>\n<div class=\"wp-block-kadence-column kadence-column943_1e150d-d3\"><div class=\"kt-inside-inner-col\"><style>.kb-posts-id-943_d7f15a-c6 .kb-post-list-item{display:grid;}<\/style><ul class=\"wp-block-kadence-posts kb-posts kadence-posts-list kb-posts-id-943_d7f15a-c6 content-wrap grid-cols kb-posts-style-boxed grid-sm-col-2 grid-lg-col-3 item-image-style-above\"><li class=\"kb-post-list-item\">\n\t<article class=\"entry content-bg loop-entry post-946 post type-post status-publish format-standard has-post-thumbnail hentry category-kontenery-modulowe\">\n\t\t\t\t<a aria-hidden=\"true\" tabindex=\"-1\" role=\"presentation\" class=\"post-thumbnail kadence-thumbnail-ratio-2-3\" href=\"https:\/\/premiumcontainers.pl\/?p=946\" aria-label=\"Zestaw Kontener\u00f3w Modu\u0142owych\">\n\t\t\t<div class=\"post-thumbnail-inner\">\n\t\t\t\t<img loading=\"lazy\" decoding=\"async\" width=\"768\" height=\"578\" src=\"https:\/\/premiumcontainers.pl\/wp-content\/uploads\/2025\/12\/480007464_647219447761563_2946386756677172324_n-768x578.jpg\" class=\"attachment-medium_large size-medium_large wp-post-image\" alt=\"Zestaw Kontener\u00f3w Modu\u0142owych\" srcset=\"https:\/\/premiumcontainers.pl\/wp-content\/uploads\/2025\/12\/480007464_647219447761563_2946386756677172324_n-768x578.jpg 768w, https:\/\/premiumcontainers.pl\/wp-content\/uploads\/2025\/12\/480007464_647219447761563_2946386756677172324_n-300x226.jpg 300w, https:\/\/premiumcontainers.pl\/wp-content\/uploads\/2025\/12\/480007464_647219447761563_2946386756677172324_n-1024x771.jpg 1024w, https:\/\/premiumcontainers.pl\/wp-content\/uploads\/2025\/12\/480007464_647219447761563_2946386756677172324_n-1536x1156.jpg 1536w, https:\/\/premiumcontainers.pl\/wp-content\/uploads\/2025\/12\/480007464_647219447761563_2946386756677172324_n.jpg 1600w\" sizes=\"auto, (max-width: 768px) 100vw, 768px\" \/>\t\t\t<\/div>\n\t\t<\/a><!-- .post-thumbnail -->\n\t\t\t\t<div class=\"entry-content-wrap\">\n\t\t\t<header class=\"entry-header\">\n\t\t<div class=\"entry-taxonomies\">\n\t\t<span class=\"category-links term-links category-style-normal\">\n\t\t\t<a href=\"https:\/\/premiumcontainers.pl\/?cat=41\" class=\"category-link-kontenery-modulowe\" rel=\"tag\">kontenery modu\u0142owe<\/a>\t\t<\/span>\n\t<\/div><!-- .entry-taxonomies -->\n\t<h2 class=\"entry-title\"><a href=\"https:\/\/premiumcontainers.pl\/?p=946\" rel=\"bookmark\">Zestaw Kontener\u00f3w Modu\u0142owych<\/a><\/h2>\t<div class=\"entry-meta entry-meta-divider-dot\">\n\t<span class=\"posted-by\"><span class=\"meta-label\">Przez<\/span><span class=\"author vcard\"><span class=\"fn n\">redaktor<\/span><\/span><\/span>\t\t\t<span class=\"posted-on\">\n\t\t\t\t<time class=\"entry-date published\" datetime=\"2024-06-04T11:41:00+00:00\">4 czerwca, 2024<\/time><time class=\"updated\" datetime=\"2025-12-04T11:48:46+00:00\">4 grudnia, 2025<\/time>\t\t\t<\/span>\n\t\t\t\t<\/div><!-- .entry-meta -->\n\t<\/header><!-- .entry-header -->\n\t<div class=\"entry-summary\">\n\t\t<p>Kontenery modu\u0142owe \u2013 nowoczesne konstrukcje do zastosowa\u0144 handlowych i socjalnych Przedstawione na zdj\u0119ciach kontenery modu\u0142owe to doskona\u0142y przyk\u0142ad nowoczesnych i wszechstronnych rozwi\u0105za\u0144, kt\u00f3re sprawdzaj\u0105 si\u0119 w wielu bran\u017cach. Dzi\u0119ki solidnej budowie, wysokiej trwa\u0142o\u015bci oraz elastycznym mo\u017cliwo\u015bciom konfiguracji, kontenery modu\u0142owe staj\u0105 si\u0119 coraz popularniejszym wyborem w Polsce \u2013 zar\u00f3wno jako kontenery handlowe, jak i profesjonalnie wyposa\u017cone&#8230;<\/p>\n\t<\/div><!-- .entry-summary -->\n\t<footer class=\"entry-footer\">\n\t\t\t<div class=\"entry-actions\">\n\t\t\t<p class=\"more-link-wrap\">\n\t\t\t\t<a href=\"https:\/\/premiumcontainers.pl\/?p=946\" class=\"post-more-link\">\n\t\t\t\t\tDowiedz si\u0119 wi\u0119cej<span class=\"screen-reader-text\"> Zestaw Kontener\u00f3w Modu\u0142owych<\/span><span class=\"kadence-svg-iconset svg-baseline\"><svg aria-hidden=\"true\" class=\"kadence-svg-icon kadence-arrow-right-alt-svg\" fill=\"currentColor\" version=\"1.1\" xmlns=\"http:\/\/www.w3.org\/2000\/svg\" width=\"27\" height=\"28\" viewBox=\"0 0 27 28\"><title>Kontynuuj<\/title><path d=\"M27 13.953c0 0.141-0.063 0.281-0.156 0.375l-6 5.531c-0.156 0.141-0.359 0.172-0.547 0.094-0.172-0.078-0.297-0.25-0.297-0.453v-3.5h-19.5c-0.281 0-0.5-0.219-0.5-0.5v-3c0-0.281 0.219-0.5 0.5-0.5h19.5v-3.5c0-0.203 0.109-0.375 0.297-0.453s0.391-0.047 0.547 0.078l6 5.469c0.094 0.094 0.156 0.219 0.156 0.359v0z\"><\/path>\n\t\t\t<\/svg><\/span>\t\t\t\t<\/a>\n\t\t\t<\/p>\n\t\t<\/div><!-- .entry-actions -->\n\t\t<\/footer><!-- .entry-footer -->\t\t<\/div>\n\t<\/article>\n<\/li>\n<\/ul><\/div><\/div>\n\n<\/div><\/div>","protected":false},"excerpt":{"rendered":"","protected":false},"author":1,"featured_media":0,"parent":0,"menu_order":0,"comment_status":"closed","ping_status":"closed","template":"","meta":{"_kadence_starter_templates_imported_post":false,"_kad_post_transparent":"","_kad_post_title":"","_kad_post_layout":"","_kad_post_sidebar_id":"","_kad_post_content_style":"","_kad_post_vertical_padding":"","_kad_post_feature":"","_kad_post_feature_position":"","_kad_post_header":false,"_kad_post_footer":false,"_kad_post_classname":"","footnotes":""},"class_list":["post-943","page","type-page","status-publish","hentry"],"_links":{"self":[{"href":"https:\/\/premiumcontainers.pl\/index.php?rest_route=\/wp\/v2\/pages\/943","targetHints":{"allow":["GET"]}}],"collection":[{"href":"https:\/\/premiumcontainers.pl\/index.php?rest_route=\/wp\/v2\/pages"}],"about":[{"href":"https:\/\/premiumcontainers.pl\/index.php?rest_route=\/wp\/v2\/types\/page"}],"author":[{"embeddable":true,"href":"https:\/\/premiumcontainers.pl\/index.php?rest_route=\/wp\/v2\/users\/1"}],"replies":[{"embeddable":true,"href":"https:\/\/premiumcontainers.pl\/index.php?rest_route=%2Fwp%2Fv2%2Fcomments&post=943"}],"version-history":[{"count":1,"href":"https:\/\/premiumcontainers.pl\/index.php?rest_route=\/wp\/v2\/pages\/943\/revisions"}],"predecessor-version":[{"id":944,"href":"https:\/\/premiumcontainers.pl\/index.php?rest_route=\/wp\/v2\/pages\/943\/revisions\/944"}],"wp:attachment":[{"href":"https:\/\/premiumcontainers.pl\/index.php?rest_route=%2Fwp%2Fv2%2Fmedia&parent=943"}],"curies":[{"name":"wp","href":"https:\/\/api.w.org\/{rel}","templated":true}]}}